{"id":1370,"date":"2025-12-02T16:48:41","date_gmt":"2025-12-02T15:48:41","guid":{"rendered":"https:\/\/thomasjaffre.fr\/?page_id=1370"},"modified":"2026-01-13T22:12:23","modified_gmt":"2026-01-13T21:12:23","slug":"demolition","status":"publish","type":"page","link":"https:\/\/thomasjaffre.fr\/index.php\/demolition\/","title":{"rendered":"D\u00c9MOLITION"},"content":{"rendered":"\t\t<div data-elementor-type=\"wp-page\" data-elementor-id=\"1370\" class=\"elementor elementor-1370\">\n\t\t\t\t<div class=\"elementor-element elementor-element-22986b1 e-grid e-con-full e-con e-parent\" data-id=\"22986b1\" data-element_type=\"container\">\n\t\t<div class=\"elementor-element elementor-element-be0a9b0 e-grid e-con-full e-con e-child\" data-id=\"be0a9b0\" data-element_type=\"container\">\n\t\t\t\t<div class=\"elementor-element elementor-element-07186cd elementor-widget elementor-widget-heading\" data-id=\"07186cd\" data-element_type=\"widget\" data-widget_type=\"heading.default\">\n\t\t\t\t\t<h2 class=\"elementor-heading-title elementor-size-default\">D\u00e9molition &amp; Recyclage<\/h2>\t\t\t\t<\/div>\n\t\t\t\t<div class=\"elementor-element elementor-element-2e82116 elementor-widget elementor-widget-text-editor\" data-id=\"2e82116\" data-element_type=\"widget\" data-widget_type=\"text-editor.default\">\n\t\t\t\t\t\t\t\t\t<p data-start=\"297\" data-end=\"695\">Forte de son exp\u00e9rience dans les travaux publics, notre entreprise intervient pour tous types de travaux de d\u00e9molition, qu\u2019il s\u2019agisse de b\u00e2timents, d\u2019ouvrages industriels, d\u2019extensions ou d\u2019\u00e9l\u00e9ments sp\u00e9cifiques.<br data-start=\"509\" data-end=\"512\" \/>Nos \u00e9quipes qualifi\u00e9es assurent une intervention rapide, m\u00e9thodique et conforme aux normes en vigueur, en tenant compte de l\u2019environnement, de la s\u00e9curit\u00e9 du chantier et du voisinage.<\/p><p data-start=\"697\" data-end=\"851\">Gr\u00e2ce \u00e0 un mat\u00e9riel moderne et performant, nous garantissons une d\u00e9molition ma\u00eetris\u00e9e, limitant les nuisances et optimisant la valorisation des mat\u00e9riaux.<\/p><p data-start=\"1748\" data-end=\"1928\">Que vous soyez particulier, collectivit\u00e9 ou professionnel, nous vous accompagnons \u00e0 chaque \u00e9tape :<br data-start=\"1846\" data-end=\"1849\" \/>diagnostic, planification, s\u00e9curisation, d\u00e9molition, \u00e9vacuation et recyclage.<\/p><p data-start=\"1930\" data-end=\"2054\">Notre \u00e9quipe se tient \u00e0 votre disposition pour \u00e9tudier votre projet et vous proposer une r\u00e9ponse adapt\u00e9e, fiable et durable.<\/p>\t\t\t\t\t\t\t\t<\/div>\n\t\t\t\t<\/div>\n\t\t<div class=\"elementor-element elementor-element-75cabbe e-grid e-con-full e-con e-child\" data-id=\"75cabbe\" data-element_type=\"container\">\n\t\t\t\t<div class=\"elementor-element elementor-element-b6d5391 elementor-widget elementor-widget-image\" data-id=\"b6d5391\" data-element_type=\"widget\" data-widget_type=\"image.default\">\n\t\t\t\t\t\t\t\t\t\t\t\t\t\t\t<img fetchpriority=\"high\" decoding=\"async\" width=\"1024\" height=\"576\" src=\"https:\/\/thomasjaffre.fr\/wp-content\/uploads\/2025\/12\/20160624_093117-1920x1080-1-1024x576.jpg\" class=\"attachment-large size-large wp-image-1424\" alt=\"\" srcset=\"https:\/\/thomasjaffre.fr\/wp-content\/uploads\/2025\/12\/20160624_093117-1920x1080-1-1024x576.jpg 1024w, https:\/\/thomasjaffre.fr\/wp-content\/uploads\/2025\/12\/20160624_093117-1920x1080-1-300x169.jpg 300w, https:\/\/thomasjaffre.fr\/wp-content\/uploads\/2025\/12\/20160624_093117-1920x1080-1-768x432.jpg 768w, https:\/\/thomasjaffre.fr\/wp-content\/uploads\/2025\/12\/20160624_093117-1920x1080-1-1536x864.jpg 1536w, https:\/\/thomasjaffre.fr\/wp-content\/uploads\/2025\/12\/20160624_093117-1920x1080-1.jpg 1920w\" sizes=\"(max-width: 1024px) 100vw, 1024px\" \/>\t\t\t\t\t\t\t\t\t\t\t\t\t\t\t<\/div>\n\t\t\t\t<\/div>\n\t\t\t\t<\/div>\n\t\t<div class=\"elementor-element elementor-element-229772a e-flex e-con-boxed e-con e-parent\" data-id=\"229772a\" data-element_type=\"container\" data-settings=\"{&quot;background_background&quot;:&quot;classic&quot;}\">\n\t\t\t\t\t<div class=\"e-con-inner\">\n\t\t<div class=\"elementor-element elementor-element-b809ece e-grid e-con-full e-con e-child\" data-id=\"b809ece\" data-element_type=\"container\" data-settings=\"{&quot;background_background&quot;:&quot;classic&quot;}\">\n\t\t\t\t<div class=\"elementor-element elementor-element-56e4fb0 elementor-widget elementor-widget-heading\" data-id=\"56e4fb0\" data-element_type=\"widget\" data-widget_type=\"heading.default\">\n\t\t\t\t\t<h2 class=\"elementor-heading-title elementor-size-default\">Le recyclage au c\u0153ur de notre d\u00e9marche<\/h2>\t\t\t\t<\/div>\n\t\t\t\t<div class=\"elementor-element elementor-element-5f60d88 elementor-widget elementor-widget-text-editor\" data-id=\"5f60d88\" data-element_type=\"widget\" data-widget_type=\"text-editor.default\">\n\t\t\t\t\t\t\t\t\t<p data-start=\"1090\" data-end=\"1164\"><strong data-start=\"1090\" data-end=\"1125\">Tri et s\u00e9paration des mat\u00e9riaux<\/strong><br data-start=\"1125\" data-end=\"1128\" \/>(b\u00e9ton, ferraille, bois, gravats\u2026)<\/p><p data-start=\"1167\" data-end=\"1226\"><strong data-start=\"1167\" data-end=\"1196\">Valorisation et recyclage<\/strong> selon les fili\u00e8res adapt\u00e9es<\/p><p data-start=\"1229\" data-end=\"1282\"><strong data-start=\"1229\" data-end=\"1254\">R\u00e9emploi des mati\u00e8res<\/strong> lorsque cela est possible<\/p>\t\t\t\t\t\t\t\t<\/div>\n\t\t\t\t<\/div>\n\t\t\t\t\t<\/div>\n\t\t\t\t<\/div>\n\t\t\t\t<\/div>\n\t\t","protected":false},"excerpt":{"rendered":"<p>D\u00e9molition &amp; Recyclage Forte de son exp\u00e9rience dans les travaux publics, notre entreprise intervient pour tous types de travaux de [&hellip;]<\/p>\n","protected":false},"author":1,"featured_media":0,"parent":0,"menu_order":0,"comment_status":"closed","ping_status":"closed","template":"","meta":{"site-sidebar-layout":"no-sidebar","site-content-layout":"","ast-site-content-layout":"full-width-container","site-content-style":"default","site-sidebar-style":"default","ast-global-header-display":"","ast-banner-title-visibility":"","ast-main-header-display":"","ast-hfb-above-header-display":"","ast-hfb-below-header-display":"","ast-hfb-mobile-header-display":"","site-post-title":"disabled","ast-breadcrumbs-content":"","ast-featured-img":"disabled","footer-sml-layout":"","theme-transparent-header-meta":"","adv-header-id-meta":"","stick-header-meta":"","header-above-stick-meta":"","header-main-stick-meta":"","header-below-stick-meta":"","astra-migrate-meta-layouts":"default","ast-page-background-enabled":"default","ast-page-background-meta":{"desktop":{"background-color":"var(--ast-global-color-5)","background-image":"","background-repeat":"repeat","background-position":"center center","background-size":"auto","background-attachment":"scroll","background-type":"","background-media":"","overlay-type":"","overlay-color":"","overlay-opacity":"","overlay-gradient":""},"tablet":{"background-color":"","background-image":"","background-repeat":"repeat","background-position":"center center","background-size":"auto","background-attachment":"scroll","background-type":"","background-media":"","overlay-type":"","overlay-color":"","overlay-opacity":"","overlay-gradient":""},"mobile":{"background-color":"","background-image":"","background-repeat":"repeat","background-position":"center center","background-size":"auto","background-attachment":"scroll","background-type":"","background-media":"","overlay-type":"","overlay-color":"","overlay-opacity":"","overlay-gradient":""}},"ast-content-background-meta":{"desktop":{"background-color":"var(--ast-global-color-4)","background-image":"","background-repeat":"repeat","background-position":"center center","background-size":"auto","background-attachment":"scroll","background-type":"","background-media":"","overlay-type":"","overlay-color":"","overlay-opacity":"","overlay-gradient":""},"tablet":{"background-color":"var(--ast-global-color-4)","background-image":"","background-repeat":"repeat","background-position":"center center","background-size":"auto","background-attachment":"scroll","background-type":"","background-media":"","overlay-type":"","overlay-color":"","overlay-opacity":"","overlay-gradient":""},"mobile":{"background-color":"var(--ast-global-color-4)","background-image":"","background-repeat":"repeat","background-position":"center center","background-size":"auto","background-attachment":"scroll","background-type":"","background-media":"","overlay-type":"","overlay-color":"","overlay-opacity":"","overlay-gradient":""}},"footnotes":""},"class_list":["post-1370","page","type-page","status-publish","hentry"],"_links":{"self":[{"href":"https:\/\/thomasjaffre.fr\/index.php\/wp-json\/wp\/v2\/pages\/1370","targetHints":{"allow":["GET"]}}],"collection":[{"href":"https:\/\/thomasjaffre.fr\/index.php\/wp-json\/wp\/v2\/pages"}],"about":[{"href":"https:\/\/thomasjaffre.fr\/index.php\/wp-json\/wp\/v2\/types\/page"}],"author":[{"embeddable":true,"href":"https:\/\/thomasjaffre.fr\/index.php\/wp-json\/wp\/v2\/users\/1"}],"replies":[{"embeddable":true,"href":"https:\/\/thomasjaffre.fr\/index.php\/wp-json\/wp\/v2\/comments?post=1370"}],"version-history":[{"count":70,"href":"https:\/\/thomasjaffre.fr\/index.php\/wp-json\/wp\/v2\/pages\/1370\/revisions"}],"predecessor-version":[{"id":1707,"href":"https:\/\/thomasjaffre.fr\/index.php\/wp-json\/wp\/v2\/pages\/1370\/revisions\/1707"}],"wp:attachment":[{"href":"https:\/\/thomasjaffre.fr\/index.php\/wp-json\/wp\/v2\/media?parent=1370"}],"curies":[{"name":"wp","href":"https:\/\/api.w.org\/{rel}","templated":true}]}}