{"id":318,"date":"2025-10-30T15:16:14","date_gmt":"2025-10-30T14:16:14","guid":{"rendered":"https:\/\/thomasjaffre.fr\/?page_id=318"},"modified":"2026-01-26T14:15:25","modified_gmt":"2026-01-26T13:15:25","slug":"terrassement-2","status":"publish","type":"page","link":"https:\/\/thomasjaffre.fr\/index.php\/terrassement-2\/","title":{"rendered":"TERRASSEMENT"},"content":{"rendered":"\t\t<div data-elementor-type=\"wp-page\" data-elementor-id=\"318\" class=\"elementor elementor-318\">\n\t\t\t\t<div class=\"elementor-element elementor-element-f1d5bf8 e-con-full e-flex e-con e-parent\" data-id=\"f1d5bf8\" data-element_type=\"container\">\n\t\t<div class=\"elementor-element elementor-element-786b70e e-grid e-con-full e-con e-child\" data-id=\"786b70e\" data-element_type=\"container\">\n\t\t\t\t<div class=\"elementor-element elementor-element-7b244de elementor-widget elementor-widget-heading\" data-id=\"7b244de\" data-element_type=\"widget\" data-widget_type=\"heading.default\">\n\t\t\t\t\t<h2 class=\"elementor-heading-title elementor-size-default\">D\u00e9molition &amp; Recyclage<\/h2>\t\t\t\t<\/div>\n\t\t\t\t<div class=\"elementor-element elementor-element-0c8fbc1 elementor-widget elementor-widget-text-editor\" data-id=\"0c8fbc1\" data-element_type=\"widget\" data-widget_type=\"text-editor.default\">\n\t\t\t\t\t\t\t\t\t<p data-start=\"297\" data-end=\"695\">Forte de son exp\u00e9rience dans les travaux publics, notre entreprise intervient pour tous types de travaux de d\u00e9molition, qu\u2019il s\u2019agisse de b\u00e2timents, d\u2019ouvrages industriels, d\u2019extensions ou d\u2019\u00e9l\u00e9ments sp\u00e9cifiques.<br data-start=\"509\" data-end=\"512\" \/>Nos \u00e9quipes qualifi\u00e9es assurent une intervention rapide, m\u00e9thodique et conforme aux normes en vigueur, en tenant compte de l\u2019environnement, de la s\u00e9curit\u00e9 du chantier et du voisinage.<\/p><p data-start=\"697\" data-end=\"851\">Gr\u00e2ce \u00e0 un mat\u00e9riel moderne et performant, nous garantissons une d\u00e9molition ma\u00eetris\u00e9e, limitant les nuisances et optimisant la valorisation des mat\u00e9riaux.<\/p><p data-start=\"1748\" data-end=\"1928\">Que vous soyez particulier, collectivit\u00e9 ou professionnel, nous vous accompagnons \u00e0 chaque \u00e9tape :<br data-start=\"1846\" data-end=\"1849\" \/>diagnostic, planification, s\u00e9curisation, d\u00e9molition, \u00e9vacuation et recyclage.<\/p><p data-start=\"1930\" data-end=\"2054\">Notre \u00e9quipe se tient \u00e0 votre disposition pour \u00e9tudier votre projet et vous proposer une r\u00e9ponse adapt\u00e9e, fiable et durable.<\/p>\t\t\t\t\t\t\t\t<\/div>\n\t\t\t\t<\/div>\n\t\t<div class=\"elementor-element elementor-element-5c2c705 e-grid e-con-full e-con e-child\" data-id=\"5c2c705\" data-element_type=\"container\" data-settings=\"{&quot;shape_divider_bottom&quot;:&quot;pyramids&quot;}\">\n\t\t\t\t<div class=\"elementor-shape elementor-shape-bottom\" aria-hidden=\"true\" data-negative=\"false\">\n\t\t\t<svg xmlns=\"http:\/\/www.w3.org\/2000\/svg\" viewBox=\"0 0 1000 100\" preserveAspectRatio=\"none\">\n\t<path class=\"elementor-shape-fill\" d=\"M761.9,44.1L643.1,27.2L333.8,98L0,3.8V0l1000,0v3.9\"\/>\n<\/svg>\t\t<\/div>\n\t\t\t\t<div class=\"elementor-element elementor-element-0494b10 elementor-widget elementor-widget-elementskit-image-comparison\" data-id=\"0494b10\" data-element_type=\"widget\" data-widget_type=\"elementskit-image-comparison.default\">\n\t\t\t\t<div class=\"elementor-widget-container\">\n\t\t\t\t\t<div class=\"ekit-wid-con\" >\n\t\t<div class=\"elementskit-image-comparison image-comparison-container\" data-offset=\"0.5\" data-overlay=\"\" data-label_after=\"\" data-label_before=\"\" data-move_slider_on_hover=\"\" data-click_to_move=\"\">\n\t\t\t<img decoding=\"async\" src=\"https:\/\/thomasjaffre.fr\/wp-content\/uploads\/2025\/10\/AVANT-OK.jpeg\" title=\"AVANT OK\" alt=\"AVANT OK\" loading=\"lazy\" \/><img decoding=\"async\" src=\"https:\/\/thomasjaffre.fr\/wp-content\/uploads\/2025\/10\/APRES.jpeg\" title=\"APRES\" alt=\"APRES\" loading=\"lazy\" \/>\t\t<\/div>\n\n\t<\/div>\t\t\t\t<\/div>\n\t\t\t\t<\/div>\n\t\t\t\t<\/div>\n\t\t\t\t<\/div>\n\t\t<div class=\"elementor-element elementor-element-de930f5 e-flex e-con-boxed e-con e-parent\" data-id=\"de930f5\" data-element_type=\"container\" data-settings=\"{&quot;background_background&quot;:&quot;classic&quot;}\">\n\t\t\t\t\t<div class=\"e-con-inner\">\n\t\t\t\t<div class=\"elementor-element elementor-element-ab693d1 elementor-widget elementor-widget-heading\" data-id=\"ab693d1\" data-element_type=\"widget\" data-widget_type=\"heading.default\">\n\t\t\t\t\t<h2 class=\"elementor-heading-title elementor-size-default\">Notre entreprise effectue des travaux de terrassement pour :<\/h2>\t\t\t\t<\/div>\n\t\t\t\t\t<\/div>\n\t\t\t\t<\/div>\n\t\t<div class=\"elementor-element elementor-element-de07383 e-grid e-con-boxed elementor-invisible e-con e-parent\" data-id=\"de07383\" data-element_type=\"container\" data-settings=\"{&quot;background_background&quot;:&quot;classic&quot;,&quot;animation&quot;:&quot;zoomIn&quot;}\">\n\t\t\t\t\t<div class=\"e-con-inner\">\n\t\t\t\t<div class=\"elementor-element elementor-element-a2290f0 elementor-widget elementor-widget-text-editor\" data-id=\"a2290f0\" data-element_type=\"widget\" data-widget_type=\"text-editor.default\">\n\t\t\t\t\t\t\t\t\t<ul><li>Les maisons<\/li><li>Les pavillons<\/li><li>Les piscines<\/li><\/ul>\t\t\t\t\t\t\t\t<\/div>\n\t\t\t\t<div class=\"elementor-element elementor-element-ee2f4fb elementor-widget elementor-widget-text-editor\" data-id=\"ee2f4fb\" data-element_type=\"widget\" data-widget_type=\"text-editor.default\">\n\t\t\t\t\t\t\t\t\t<ul><li>Les b\u00e2timents agricoles<\/li><li>Les b\u00e2timents artisanaux<\/li><li>Les plateformes<\/li><\/ul>\t\t\t\t\t\t\t\t<\/div>\n\t\t\t\t<div class=\"elementor-element elementor-element-d4cc2d0 elementor-widget elementor-widget-text-editor\" data-id=\"d4cc2d0\" data-element_type=\"widget\" data-widget_type=\"text-editor.default\">\n\t\t\t\t\t\t\t\t\t<ul><li>Les bassins<\/li><li>Les chemins d\u2019acc\u00e8s<\/li><li>Le dessouchage<\/li><\/ul>\t\t\t\t\t\t\t\t<\/div>\n\t\t\t\t<div class=\"elementor-element elementor-element-703b524 elementor-widget elementor-widget-text-editor\" data-id=\"703b524\" data-element_type=\"widget\" data-widget_type=\"text-editor.default\">\n\t\t\t\t\t\t\t\t\t<ul><li>Nettoyage de terrain et sa remise en \u00e9tat<\/li><li>Empierrements de chemin d\u2019acc\u00e8s<\/li><li>Empierrements de b\u00e2timents agricoles<\/li><\/ul>\t\t\t\t\t\t\t\t<\/div>\n\t\t\t\t\t<\/div>\n\t\t\t\t<\/div>\n\t\t<div class=\"elementor-element elementor-element-26ba109 e-flex e-con-boxed e-con e-parent\" data-id=\"26ba109\" data-element_type=\"container\">\n\t\t\t\t\t<div class=\"e-con-inner\">\n\t\t\t\t<div class=\"elementor-element elementor-element-72682c3 elementor-widget-divider--view-line elementor-widget elementor-widget-divider\" data-id=\"72682c3\" data-element_type=\"widget\" data-widget_type=\"divider.default\">\n\t\t\t\t\t\t\t<div class=\"elementor-divider\">\n\t\t\t<span class=\"elementor-divider-separator\">\n\t\t\t\t\t\t<\/span>\n\t\t<\/div>\n\t\t\t\t\t\t<\/div>\n\t\t\t\t\t<\/div>\n\t\t\t\t<\/div>\n\t\t\t\t<\/div>\n\t\t","protected":false},"excerpt":{"rendered":"<p>D\u00e9molition &amp; Recyclage Forte de son exp\u00e9rience dans les travaux publics, notre entreprise intervient pour tous types de travaux de [&hellip;]<\/p>\n","protected":false},"author":1,"featured_media":0,"parent":0,"menu_order":0,"comment_status":"closed","ping_status":"closed","template":"","meta":{"site-sidebar-layout":"no-sidebar","site-content-layout":"","ast-site-content-layout":"full-width-container","site-content-style":"default","site-sidebar-style":"default","ast-global-header-display":"","ast-banner-title-visibility":"","ast-main-header-display":"","ast-hfb-above-header-display":"","ast-hfb-below-header-display":"","ast-hfb-mobile-header-display":"","site-post-title":"disabled","ast-breadcrumbs-content":"","ast-featured-img":"disabled","footer-sml-layout":"","theme-transparent-header-meta":"","adv-header-id-meta":"","stick-header-meta":"","header-above-stick-meta":"","header-main-stick-meta":"","header-below-stick-meta":"","astra-migrate-meta-layouts":"default","ast-page-background-enabled":"default","ast-page-background-meta":{"desktop":{"background-color":"var(--ast-global-color-5)","background-image":"","background-repeat":"repeat","background-position":"center center","background-size":"auto","background-attachment":"scroll","background-type":"","background-media":"","overlay-type":"","overlay-color":"","overlay-opacity":"","overlay-gradient":""},"tablet":{"background-color":"","background-image":"","background-repeat":"repeat","background-position":"center center","background-size":"auto","background-attachment":"scroll","background-type":"","background-media":"","overlay-type":"","overlay-color":"","overlay-opacity":"","overlay-gradient":""},"mobile":{"background-color":"","background-image":"","background-repeat":"repeat","background-position":"center center","background-size":"auto","background-attachment":"scroll","background-type":"","background-media":"","overlay-type":"","overlay-color":"","overlay-opacity":"","overlay-gradient":""}},"ast-content-background-meta":{"desktop":{"background-color":"var(--ast-global-color-4)","background-image":"","background-repeat":"repeat","background-position":"center center","background-size":"auto","background-attachment":"scroll","background-type":"","background-media":"","overlay-type":"","overlay-color":"","overlay-opacity":"","overlay-gradient":""},"tablet":{"background-color":"var(--ast-global-color-4)","background-image":"","background-repeat":"repeat","background-position":"center center","background-size":"auto","background-attachment":"scroll","background-type":"","background-media":"","overlay-type":"","overlay-color":"","overlay-opacity":"","overlay-gradient":""},"mobile":{"background-color":"var(--ast-global-color-4)","background-image":"","background-repeat":"repeat","background-position":"center center","background-size":"auto","background-attachment":"scroll","background-type":"","background-media":"","overlay-type":"","overlay-color":"","overlay-opacity":"","overlay-gradient":""}},"footnotes":""},"class_list":["post-318","page","type-page","status-publish","hentry"],"_links":{"self":[{"href":"https:\/\/thomasjaffre.fr\/index.php\/wp-json\/wp\/v2\/pages\/318","targetHints":{"allow":["GET"]}}],"collection":[{"href":"https:\/\/thomasjaffre.fr\/index.php\/wp-json\/wp\/v2\/pages"}],"about":[{"href":"https:\/\/thomasjaffre.fr\/index.php\/wp-json\/wp\/v2\/types\/page"}],"author":[{"embeddable":true,"href":"https:\/\/thomasjaffre.fr\/index.php\/wp-json\/wp\/v2\/users\/1"}],"replies":[{"embeddable":true,"href":"https:\/\/thomasjaffre.fr\/index.php\/wp-json\/wp\/v2\/comments?post=318"}],"version-history":[{"count":199,"href":"https:\/\/thomasjaffre.fr\/index.php\/wp-json\/wp\/v2\/pages\/318\/revisions"}],"predecessor-version":[{"id":1825,"href":"https:\/\/thomasjaffre.fr\/index.php\/wp-json\/wp\/v2\/pages\/318\/revisions\/1825"}],"wp:attachment":[{"href":"https:\/\/thomasjaffre.fr\/index.php\/wp-json\/wp\/v2\/media?parent=318"}],"curies":[{"name":"wp","href":"https:\/\/api.w.org\/{rel}","templated":true}]}}