{"id":320,"date":"2025-10-30T15:16:31","date_gmt":"2025-10-30T14:16:31","guid":{"rendered":"https:\/\/thomasjaffre.fr\/?page_id=320"},"modified":"2026-01-26T14:16:02","modified_gmt":"2026-01-26T13:16:02","slug":"enrochement","status":"publish","type":"page","link":"https:\/\/thomasjaffre.fr\/index.php\/enrochement\/","title":{"rendered":"ENROCHEMENT"},"content":{"rendered":"\t\t<div data-elementor-type=\"wp-page\" data-elementor-id=\"320\" class=\"elementor elementor-320\">\n\t\t\t\t<div class=\"elementor-element elementor-element-019f4b2 e-grid e-con-full e-con e-parent\" data-id=\"019f4b2\" data-element_type=\"container\">\n\t\t<div class=\"elementor-element elementor-element-c1976eb e-grid e-con-full e-con e-child\" data-id=\"c1976eb\" data-element_type=\"container\">\n\t\t\t\t<div class=\"elementor-element elementor-element-5f39b7f elementor-widget elementor-widget-heading\" data-id=\"5f39b7f\" data-element_type=\"widget\" data-widget_type=\"heading.default\">\n\t\t\t\t\t<h2 class=\"elementor-heading-title elementor-size-default\">A quoi servent les travaux d\u2019enrochement ?<\/h2>\t\t\t\t<\/div>\n\t\t\t\t<div class=\"elementor-element elementor-element-d057edd elementor-widget elementor-widget-text-editor\" data-id=\"d057edd\" data-element_type=\"widget\" data-widget_type=\"text-editor.default\">\n\t\t\t\t\t\t\t\t\t<p>Ces travaux consistent \u00e0 placer des gros blocs de pierre de diff\u00e9rentes dimensions les uns sur les autres pour r\u00e9aliser un mur, ou \u00e9galement pour remplacer un mur de sout\u00e8nement.<\/p><p>Il permet aussi de maintenir la terre d\u2019un terrain en pente\u00a0ou sur diff\u00e9rents\u00a0niveaux afin d\u2019\u00e9viter le glissement de terrain.<\/p><p>Un enrochement peut avoir un but purement\u00a0<strong>d\u00e9coratif\u00a0<\/strong>mais aussi pour un aspect esth\u00e9tique qui donnera de la\u00a0<strong>valeur ajout\u00e9e \u00e0 votre propri\u00e9t\u00e9<\/strong>.<\/p><p>Ces travaux n\u00e9cessitent un mat\u00e9riel sp\u00e9cifique et une v\u00e9ritable technique de r\u00e9alisation.<\/p><p>Les travaux d\u2019enrochement permettront aussi de r\u00e9aliser plusieurs niveaux, par exemple s\u00e9parer votre terrasse de votre jardin.<\/p><p>Nous avons s\u00e9lectionn\u00e9 les\u00a0meilleures carri\u00e8res\u00a0pour choisir soigneusement ses gros blocs de pierre un par un pour leur esth\u00e9tisme.<\/p><p>Robuste, noble et naturel, ce bel ouvrage\u00a0<strong>valorisera et embellira<\/strong>\u00a0votre propri\u00e9t\u00e9.<\/p>\t\t\t\t\t\t\t\t<\/div>\n\t\t\t\t<\/div>\n\t\t<div class=\"elementor-element elementor-element-641b1ac e-grid e-con-full e-con e-child\" data-id=\"641b1ac\" data-element_type=\"container\" data-settings=\"{&quot;shape_divider_bottom&quot;:&quot;pyramids&quot;}\">\n\t\t\t\t<div class=\"elementor-shape elementor-shape-bottom\" aria-hidden=\"true\" data-negative=\"false\">\n\t\t\t<svg xmlns=\"http:\/\/www.w3.org\/2000\/svg\" viewBox=\"0 0 1000 100\" preserveAspectRatio=\"none\">\n\t<path class=\"elementor-shape-fill\" d=\"M761.9,44.1L643.1,27.2L333.8,98L0,3.8V0l1000,0v3.9\"\/>\n<\/svg>\t\t<\/div>\n\t\t\t\t<div class=\"elementor-element elementor-element-14f2ccd elementor-widget elementor-widget-image\" data-id=\"14f2ccd\" data-element_type=\"widget\" data-widget_type=\"image.default\">\n\t\t\t\t\t\t\t\t\t\t\t\t\t\t\t<img fetchpriority=\"high\" decoding=\"async\" width=\"1024\" height=\"768\" src=\"https:\/\/thomasjaffre.fr\/wp-content\/uploads\/2025\/10\/TJ-5-1-1024x768.jpeg\" class=\"attachment-large size-large wp-image-1164\" alt=\"\" srcset=\"https:\/\/thomasjaffre.fr\/wp-content\/uploads\/2025\/10\/TJ-5-1-1024x768.jpeg 1024w, https:\/\/thomasjaffre.fr\/wp-content\/uploads\/2025\/10\/TJ-5-1-300x225.jpeg 300w, https:\/\/thomasjaffre.fr\/wp-content\/uploads\/2025\/10\/TJ-5-1-768x576.jpeg 768w, https:\/\/thomasjaffre.fr\/wp-content\/uploads\/2025\/10\/TJ-5-1-1536x1152.jpeg 1536w, https:\/\/thomasjaffre.fr\/wp-content\/uploads\/2025\/10\/TJ-5-1.jpeg 2048w\" sizes=\"(max-width: 1024px) 100vw, 1024px\" \/>\t\t\t\t\t\t\t\t\t\t\t\t\t\t\t<\/div>\n\t\t\t\t<\/div>\n\t\t\t\t<\/div>\n\t\t<div class=\"elementor-element elementor-element-47864b6 e-flex e-con-boxed e-con e-parent\" data-id=\"47864b6\" data-element_type=\"container\">\n\t\t\t\t\t<div class=\"e-con-inner\">\n\t\t\t\t<div class=\"elementor-element elementor-element-3ad8523 elementor-widget elementor-widget-heading\" data-id=\"3ad8523\" data-element_type=\"widget\" data-widget_type=\"heading.default\">\n\t\t\t\t\t<h2 class=\"elementor-heading-title elementor-size-default\">Les travaux d\u2019enrochement permettront de valoriser :<\/h2>\t\t\t\t<\/div>\n\t\t\t\t\t<\/div>\n\t\t\t\t<\/div>\n\t\t<div class=\"elementor-element elementor-element-9862cbc e-con-full e-flex elementor-invisible e-con e-parent\" data-id=\"9862cbc\" data-element_type=\"container\" data-settings=\"{&quot;animation&quot;:&quot;zoomIn&quot;}\">\n\t\t<div class=\"elementor-element elementor-element-24d86df e-con-full e-grid e-con e-child\" data-id=\"24d86df\" data-element_type=\"container\">\n\t\t\t\t<div class=\"elementor-element elementor-element-09cd416 ekit-equal-height-disable elementor-widget elementor-widget-elementskit-icon-box\" data-id=\"09cd416\" data-element_type=\"widget\" data-widget_type=\"elementskit-icon-box.default\">\n\t\t\t\t\t<div class=\"ekit-wid-con\" >        <!-- link opening -->\n                <!-- end link opening -->\n\n        <div class=\"elementskit-infobox text-center text- icon-lef-right-aligin elementor-animation-   \">\n                        <div class=\"box-body\">\n                            <h3 class=\"elementskit-info-box-title\">\n                    Votre all\u00e9e de maison                <\/h3>\n                                            <\/div>\n        \n        \n                <\/div>\n        <\/div>\t\t\t\t<\/div>\n\t\t\t\t<div class=\"elementor-element elementor-element-d647f5f ekit-equal-height-disable elementor-widget elementor-widget-elementskit-icon-box\" data-id=\"d647f5f\" data-element_type=\"widget\" data-widget_type=\"elementskit-icon-box.default\">\n\t\t\t\t\t<div class=\"ekit-wid-con\" >        <!-- link opening -->\n                <!-- end link opening -->\n\n        <div class=\"elementskit-infobox text-center text- icon-lef-right-aligin elementor-animation-   \">\n                        <div class=\"box-body\">\n                            <h3 class=\"elementskit-info-box-title\">\n                    Une entr\u00e9e de garage ou sous-sol                <\/h3>\n                                            <\/div>\n        \n        \n                <\/div>\n        <\/div>\t\t\t\t<\/div>\n\t\t\t\t<div class=\"elementor-element elementor-element-d4ea081 ekit-equal-height-disable elementor-widget elementor-widget-elementskit-icon-box\" data-id=\"d4ea081\" data-element_type=\"widget\" data-widget_type=\"elementskit-icon-box.default\">\n\t\t\t\t\t<div class=\"ekit-wid-con\" >        <!-- link opening -->\n                <!-- end link opening -->\n\n        <div class=\"elementskit-infobox text-center text- icon-lef-right-aligin elementor-animation-   \">\n                        <div class=\"box-body\">\n                            <h3 class=\"elementskit-info-box-title\">\n                    L\u2019am\u00e9nagement d\u2019une piscine                <\/h3>\n                                            <\/div>\n        \n        \n                <\/div>\n        <\/div>\t\t\t\t<\/div>\n\t\t\t\t<div class=\"elementor-element elementor-element-fee281f ekit-equal-height-disable elementor-widget elementor-widget-elementskit-icon-box\" data-id=\"fee281f\" data-element_type=\"widget\" data-widget_type=\"elementskit-icon-box.default\">\n\t\t\t\t\t<div class=\"ekit-wid-con\" >        <!-- link opening -->\n                <!-- end link opening -->\n\n        <div class=\"elementskit-infobox text-center text- icon-lef-right-aligin elementor-animation-   \">\n                        <div class=\"box-body\">\n                            <h3 class=\"elementskit-info-box-title\">\n                    Vos am\u00e9nagements d\u2019espace verts                <\/h3>\n                                            <\/div>\n        \n        \n                <\/div>\n        <\/div>\t\t\t\t<\/div>\n\t\t\t\t<\/div>\n\t\t\t\t<\/div>\n\t\t<div class=\"elementor-element elementor-element-cd86b68 e-grid e-con-boxed elementor-invisible e-con e-child\" data-id=\"cd86b68\" data-element_type=\"container\" data-settings=\"{&quot;animation&quot;:&quot;zoomIn&quot;}\">\n\t\t\t\t\t<div class=\"e-con-inner\">\n\t\t\t\t<div class=\"elementor-element elementor-element-0682c76 elementor-widget elementor-widget-text-editor\" data-id=\"0682c76\" data-element_type=\"widget\" data-widget_type=\"text-editor.default\">\n\t\t\t\t\t\t\t\t\t<p>Au service des particuliers et des professionnels dans tout le Morbihan, nous vous proposons de r\u00e9aliser tous vos travaux de terrassements, d\u2019assainissements, d\u2019enrochement, de travaux publics et de d\u00e9molition.<\/p><p>Gr\u00e2ce \u00e0 notre large gamme de mat\u00e9riel performant, nous pouvons r\u00e9pondre \u00e0 toutes vos demandes que ce soit des petits chantiers comme des grands chantiers.<\/p><p><strong>Nous mettons notre savoir-faire et notre exp\u00e9rience au service de vos projets.<\/strong><\/p><p>Nous travaillons \u00e9galement avec des architectes, des ma\u00eetres d\u2019\u0153uvres et des constructeurs.<\/p><p>Si vous avez des questions,\u00a0contactez-nous!<\/p>\t\t\t\t\t\t\t\t<\/div>\n\t\t\t\t\t<\/div>\n\t\t\t\t<\/div>\n\t\t\t\t<\/div>\n\t\t","protected":false},"excerpt":{"rendered":"<p>A quoi servent les travaux d\u2019enrochement ? Ces travaux consistent \u00e0 placer des gros blocs de pierre de diff\u00e9rentes dimensions [&hellip;]<\/p>\n","protected":false},"author":1,"featured_media":0,"parent":0,"menu_order":0,"comment_status":"closed","ping_status":"closed","template":"","meta":{"site-sidebar-layout":"no-sidebar","site-content-layout":"","ast-site-content-layout":"full-width-container","site-content-style":"default","site-sidebar-style":"default","ast-global-header-display":"","ast-banner-title-visibility":"","ast-main-header-display":"","ast-hfb-above-header-display":"","ast-hfb-below-header-display":"","ast-hfb-mobile-header-display":"","site-post-title":"disabled","ast-breadcrumbs-content":"","ast-featured-img":"disabled","footer-sml-layout":"","theme-transparent-header-meta":"","adv-header-id-meta":"","stick-header-meta":"","header-above-stick-meta":"","header-main-stick-meta":"","header-below-stick-meta":"","astra-migrate-meta-layouts":"default","ast-page-background-enabled":"default","ast-page-background-meta":{"desktop":{"background-color":"var(--ast-global-color-5)","background-image":"","background-repeat":"repeat","background-position":"center center","background-size":"auto","background-attachment":"scroll","background-type":"","background-media":"","overlay-type":"","overlay-color":"","overlay-opacity":"","overlay-gradient":""},"tablet":{"background-color":"","background-image":"","background-repeat":"repeat","background-position":"center center","background-size":"auto","background-attachment":"scroll","background-type":"","background-media":"","overlay-type":"","overlay-color":"","overlay-opacity":"","overlay-gradient":""},"mobile":{"background-color":"","background-image":"","background-repeat":"repeat","background-position":"center center","background-size":"auto","background-attachment":"scroll","background-type":"","background-media":"","overlay-type":"","overlay-color":"","overlay-opacity":"","overlay-gradient":""}},"ast-content-background-meta":{"desktop":{"background-color":"var(--ast-global-color-4)","background-image":"","background-repeat":"repeat","background-position":"center center","background-size":"auto","background-attachment":"scroll","background-type":"","background-media":"","overlay-type":"","overlay-color":"","overlay-opacity":"","overlay-gradient":""},"tablet":{"background-color":"var(--ast-global-color-4)","background-image":"","background-repeat":"repeat","background-position":"center center","background-size":"auto","background-attachment":"scroll","background-type":"","background-media":"","overlay-type":"","overlay-color":"","overlay-opacity":"","overlay-gradient":""},"mobile":{"background-color":"var(--ast-global-color-4)","background-image":"","background-repeat":"repeat","background-position":"center center","background-size":"auto","background-attachment":"scroll","background-type":"","background-media":"","overlay-type":"","overlay-color":"","overlay-opacity":"","overlay-gradient":""}},"footnotes":""},"class_list":["post-320","page","type-page","status-publish","hentry"],"_links":{"self":[{"href":"https:\/\/thomasjaffre.fr\/index.php\/wp-json\/wp\/v2\/pages\/320","targetHints":{"allow":["GET"]}}],"collection":[{"href":"https:\/\/thomasjaffre.fr\/index.php\/wp-json\/wp\/v2\/pages"}],"about":[{"href":"https:\/\/thomasjaffre.fr\/index.php\/wp-json\/wp\/v2\/types\/page"}],"author":[{"embeddable":true,"href":"https:\/\/thomasjaffre.fr\/index.php\/wp-json\/wp\/v2\/users\/1"}],"replies":[{"embeddable":true,"href":"https:\/\/thomasjaffre.fr\/index.php\/wp-json\/wp\/v2\/comments?post=320"}],"version-history":[{"count":85,"href":"https:\/\/thomasjaffre.fr\/index.php\/wp-json\/wp\/v2\/pages\/320\/revisions"}],"predecessor-version":[{"id":1828,"href":"https:\/\/thomasjaffre.fr\/index.php\/wp-json\/wp\/v2\/pages\/320\/revisions\/1828"}],"wp:attachment":[{"href":"https:\/\/thomasjaffre.fr\/index.php\/wp-json\/wp\/v2\/media?parent=320"}],"curies":[{"name":"wp","href":"https:\/\/api.w.org\/{rel}","templated":true}]}}